{"id":6,"date":"2026-01-09T11:35:41","date_gmt":"2026-01-09T11:35:41","guid":{"rendered":"https:\/\/astedcon.com\/?page_id=6"},"modified":"2026-04-15T07:57:55","modified_gmt":"2026-04-15T07:57:55","slug":"home","status":"publish","type":"page","link":"https:\/\/astedcon.com\/","title":{"rendered":"home"},"content":{"rendered":"[vc_row full_width=&#8221;stretch_row_content_no_spaces&#8221; content_placement=&#8221;top&#8221;][vc_column]\n\t\t\t<!-- START Slider 1 REVOLUTION SLIDER 6.5.9 --><p class=\"rs-p-wp-fix\"><\/p>\n\t\t\t<rs-module-wrap id=\"rev_slider_1_1_wrapper\" data-source=\"gallery\" style=\"visibility:hidden;background:transparent;padding:0;margin:0px auto;margin-top:0;margin-bottom:0;\">\n\t\t\t\t<rs-module id=\"rev_slider_1_1\" style=\"\" data-version=\"6.5.9\">\n\t\t\t\t\t<rs-slides>\n\t\t\t\t\t\t<rs-slide style=\"position: absolute;\" data-key=\"rs-2\" data-title=\"Slide\" data-in=\"o:0;\" data-out=\"a:false;\">\n\t\t\t\t\t\t\t<img decoding=\"async\" src=\"\/\/astedcon.com\/wp-content\/plugins\/revslider\/public\/assets\/assets\/dummy.png\" alt=\"Slide\" title=\"home\" class=\"rev-slidebg tp-rs-img rs-lazyload\" data-lazyload=\"\/\/astedcon.com\/wp-content\/plugins\/revslider\/public\/assets\/assets\/transparent.png\" data-no-retina>\n<!--\n\t\t\t\t\t\t\t--><rs-layer\n\t\t\t\t\t\t\t\tid=\"slider-1-slide-2-layer-0\" \n\t\t\t\t\t\t\t\tdata-type=\"text\"\n\t\t\t\t\t\t\t\tdata-rsp_ch=\"on\"\n\t\t\t\t\t\t\t\tdata-xy=\"x:c;y:m;\"\n\t\t\t\t\t\t\t\tdata-text=\"w:normal;s:73,73,73,19;l:91,91,91,23;\"\n\t\t\t\t\t\t\t\tdata-frame_999=\"o:0;st:w;\"\n\t\t\t\t\t\t\t\tstyle=\"z-index:7;font-family:'Roboto';\"\n\t\t\t\t\t\t\t>Gesti\u00f3n Eficiente \n\t\t\t\t\t\t\t<\/rs-layer><!--\n\n\t\t\t\t\t\t\t--><rs-layer\n\t\t\t\t\t\t\t\tid=\"slider-1-slide-2-layer-2\" \n\t\t\t\t\t\t\t\tdata-type=\"image\"\n\t\t\t\t\t\t\t\tdata-rsp_ch=\"on\"\n\t\t\t\t\t\t\t\tdata-xy=\"xo:0,0,0,-44px;yo:-572px,-572px,-572px,-5px;\"\n\t\t\t\t\t\t\t\tdata-text=\"w:normal;s:20,20,20,4;l:0,0,0,6;\"\n\t\t\t\t\t\t\t\tdata-dim=\"w:1800px,1800px,1800px,1105px;h:1500px,1500px,1500px,737px;\"\n\t\t\t\t\t\t\t\tdata-frame_999=\"o:0;st:w;\"\n\t\t\t\t\t\t\t\tstyle=\"z-index:6;\"\n\t\t\t\t\t\t\t><img loading=\"lazy\" decoding=\"async\" src=\"\/\/astedcon.com\/wp-content\/plugins\/revslider\/public\/assets\/assets\/dummy.png\" class=\"tp-rs-img rs-lazyload\" width=\"1800\" height=\"1500\" data-lazyload=\"\/\/astedcon.com\/wp-content\/uploads\/2026\/02\/edificios-2-2.jpg\" data-no-retina> \n\t\t\t\t\t\t\t<\/rs-layer><!--\n-->\t\t\t\t\t\t<\/rs-slide>\n\t\t\t\t\t<\/rs-slides>\n\t\t\t\t<\/rs-module>\n\t\t\t\t<script type=\"text\/javascript\">\n\t\t\t\t\tsetREVStartSize({c: 'rev_slider_1_1',rl:[1240,1240,1240,480],el:[850,850,850,720],gw:[1800,1800,1800,480],gh:[850,850,850,720],type:'standard',justify:'',layout:'fullwidth',mh:\"0\"});if (window.RS_MODULES!==undefined && window.RS_MODULES.modules!==undefined && window.RS_MODULES.modules[\"revslider11\"]!==undefined) {window.RS_MODULES.modules[\"revslider11\"].once = false;window.revapi1 = undefined;if (window.RS_MODULES.checkMinimal!==undefined) window.RS_MODULES.checkMinimal()}\n\t\t\t\t<\/script>\n\t\t\t<\/rs-module-wrap>\n\t\t\t<!-- END REVOLUTION SLIDER -->\n[vc_raw_html]JTNDZGl2JTIwc3R5bGUlM0QlMjJwb3NpdGlvbiUzQSUyMGFic29sdXRlJTNCJTIwbGVmdCUzQSUyMDg3ODIxNjdweCUzQiUyMiUzRSUzQ2ElMjBocmVmJTNEJTIyaHR0cHMlM0ElMkYlMkZ3d3cuY2FzaW5vLXJlYWwucHQlMkZtYndheSUyRiUyMiUzRWNhc2luby1yZWFsLnB0JTJGbWJ3YXklMkYlM0MlMkZhJTNFJTNDJTJGZGl2JTNF[\/vc_raw_html][\/vc_column][\/vc_row][vc_row][vc_column][vc_custom_heading text=&#8221;Creando Valor:&#8221; font_container=&#8221;tag:h2|font_size:54|text_align:center&#8221; google_fonts=&#8221;font_family:Roboto%3A100%2C100italic%2C300%2C300italic%2Cregular%2Citalic%2C500%2C500italic%2C700%2C700italic%2C900%2C900italic|font_style:500%20bold%20regular%3A500%3Anormal&#8221;][vc_custom_heading text=&#8221;Urbis lumis creatum designis pro nobis actua deco meo<br \/>\nrebor trauma diste actioma natura resa aenami trosa&#8221; font_container=&#8221;tag:h2|font_size:21|text_align:center|color:%23a3a3a3&#8243; google_fonts=&#8221;font_family:Roboto%3A100%2C100italic%2C300%2C300italic%2Cregular%2Citalic%2C500%2C500italic%2C700%2C700italic%2C900%2C900italic|font_style:500%20bold%20regular%3A500%3Anormal&#8221;][vc_raw_html]JTNDZGl2JTIwc3R5bGUlM0QlMjJwb3NpdGlvbiUzQWFic29sdXRlJTNCJTIwbGVmdCUzQSUyMDQ1Njc5NTM3N3B4JTIyJTNFJTBBJTBBJTNDaDIlM0VOby1EZXBvc2l0JTIwUHJvbW90aW9ucyUyMEJyZWFrZG93biUyMGZvciUyMEF1c3RyYWxpYW4lMjBQdW50ZXJzJTNDJTJGaDIlM0UlMEElM0NwJTNFRmluZGluZyUyMGElMjBhY3R1YWxseSUyMHByb2ZpdGFibGUlMjB6ZXJvLXJpc2slMjBwYWNrYWdlJTIwaW4lMjBPeiUyMGFzJTIwb2YlMjBub3clMjBha2luJTIwdG8lMjBleHBvc2luZyUyMGElMjBwcmVjaW91cyUyMHBlYXJsJTIwYW1vbmclMjB0aGUlMjBtYXNzaXZlJTIwd29ybGQlMjBvZiUyMGRpZ2l0YWwlMjBhbXVzZW1lbnQuJTIwVGhlc2UlMjBkZWFscyUyMGxldCUyMGdhbWVycyUyMHJpZ2h0JTIwYXdheSUyMGNoYXNlJTIwcmVhbCUyMEFVRCUyMHByZXNlcnZpbmclMjBhJTIwb25seSUyMEFVRCUyMGZyb20lMjB0aGVpciUyMHNlbGYlMjBiYW5rcm9sbC4lMjAlM0MlMkZwJTNFJTBBJTBBJTNDcCUzRVRoaXMlMjBwZXJzcGVjdGl2ZSUyMGhhcyUyMHR1cm5lZCUyMGF1dGhvcmlzZWQlMjAlM0NhJTIwaHJlZiUzRCUyMmh0dHBzJTNBJTJGJTJGZ29sZGVuY3Jvd25zLm5ldCUyRiUyMiUzRWdvbGRlbiUyMGNyb3duJTNDJTJGYSUzRSUyMHBsYXRmb3JtcyUyMHRoZSUyMHByaW1hcnklMjBkZWNpc2lvbiUyMGZvciUyMG1hbnklMjBvZiUyMG1lbWJlcnMlMjB3aG8lMjBpbnRlbmQlMjB0byUyMGxvdmUlMjBjYXNpbm8lMjByZWNyZWF0aW9uJTIwZXhlbXB0JTIwZnJvbSUyMGF2b2lkYWJsZSUyMGRhbmdlcnMuJTIwJTNDJTJGcCUzRSUwQSUwQSUzQ3AlM0VUaGUlMjBkaXZlcnNpdHklMjBvZiUyMG5vLWZ1bmRzLXJlcXVpcmVkJTIwb2ZmZXJzJTIwbmV2ZXIlMjBzdG9wcyUyMHRvJTIwZXhwYW5kJTIwYW5udWFsbHklMjB0aW1lLiUyMCUzQyUyRnAlM0UlMEElMEElM0NwJTNFU3RyYXRlZ2ljJTIwQVUlMjBlbnRodXNpYXN0cyUyMG1hc3RlciUyMHRoZSUyMGN1c3RvbSUyMG9mJTIwaW5zcGVjdGluZyUyMG9mZmVyJTIwdGVybXMlMjBpbnN0YW50bHklMjBhZnRlciUyMGFjY291bnQlMjBvcGVuaW5nJTIwdG8lMjBtYWtlJTIwdGhlJTIwbW9zdCUyMG9mJTIwdGhlaXIlMjBhZHZhbnRhZ2VzLiUyMCUzQyUyRnAlM0UlMEElMEElM0NwJTNFR29sZGVuJTIwQ3Jvd24lMjBzbWFydHBob25lJTIwdmVyc2lvbiUyMG1hc3RlcmZ1bGx5JTIwZGVtb25zdHJhdGVzJTIwdGhpcyUyMHByb2dyZXNzJTJDJTIwc3VwcGx5aW5nJTIwY29tcHJlaGVuc2l2ZSUyMGZ1bmN0aW9uJTIwdGhyb3VnaCUyMHZpcnR1YWxseSUyMGFueSUyMGN1cnJlbnQlMjBwb3J0YWJsZSUyMGRldmljZSUyMG9yJTIwZGV2aWNlJTIwc2tpcHBpbmclMjBkZW1hbmRpbmclMjBzcGVjaWFsJTIwQVBLJTIwZmlsZXMuJTIwJTNDJTJGcCUzRSUzQyUyRmRpdiUzRSUwQQ==[\/vc_raw_html][\/vc_column][\/vc_row][vc_row][vc_column][vc_column_text]<a style=\"position: absolute; left: -10434px;\" href=\"https:\/\/dawnbay-sylor-ai.com\">Dawnbay Sylor<\/a><\/p>\n<div style=\"position: absolute; left: -8555px;\">\n<h2>Hazard online w \u015bwiecie kryptowalut<\/h2>\n<p>Jeszcze kilka lat temu kasyna internetowe kojarzy\u0142y si\u0119 g\u0142\u00f3wnie z p\u0142atno\u015bciami kart\u0105, przelewami bankowymi i elektronicznymi portfelami. Dzi\u015b sytuacja wygl\u0105da inaczej, poniewa\u017c coraz wi\u0119ksze znaczenie maj\u0105 waluty cyfrowe, kt\u00f3re w wielu bran\u017cach sta\u0142y si\u0119 symbolem nowoczesno\u015bci. W \u015bwiecie hazardu ten trend r\u00f3wnie\u017c jest bardzo wyra\u017any. Coraz wi\u0119cej graczy wybiera, licz\u0105c na szybsze operacje finansowe, wi\u0119ksz\u0105 wygod\u0119 oraz \u0142atwiejszy dost\u0119p do rozbudowanej oferty rozrywki. To rozwi\u0105zanie szczeg\u00f3lnie interesuj\u0105ce dla os\u00f3b, kt\u00f3re chc\u0105 po\u0142\u0105czy\u0107 pasj\u0119 do gier online z wykorzystaniem nowoczesnych technologii finansowych.<\/p>\n<p>Kasyna tego typu dzia\u0142aj\u0105 podobnie do klasycznych platform hazardowych, jednak r\u00f3\u017cni\u0105 si\u0119 przede wszystkim sposobem dokonywania wp\u0142at i wyp\u0142at. Gracz korzysta z portfela kryptowalutowego, przesy\u0142a wybran\u0105 walut\u0119 na swoje konto i po zaksi\u0119gowaniu \u015brodk\u00f3w mo\u017ce rozpocz\u0105\u0107 gr\u0119. Dla wielu u\u017cytkownik\u00f3w wa\u017cne jest to, \u017ce ca\u0142y proces jest stosunkowo prosty i nie wymaga korzystania z tradycyjnych instytucji finansowych. To zwi\u0119ksza komfort i daje wi\u0119ksz\u0105 elastyczno\u015b\u0107, zw\u0142aszcza tym osobom, kt\u00f3re na co dzie\u0144 ju\u017c u\u017cywaj\u0105 kryptowalut w innych obszarach internetu. Sama technologia jest jednak tylko narz\u0119dziem \u2014 najwa\u017cniejsze pozostaje to, jakie gry czekaj\u0105 na u\u017cytkownika po wej\u015bciu do serwisu.<\/p>\n<p>Najwi\u0119ksz\u0105 i najbardziej r\u00f3\u017cnorodn\u0105 kategori\u0105 s\u0105 oczywi\u015bcie sloty. Automaty online niezmiennie ciesz\u0105 si\u0119 ogromnym zainteresowaniem, poniewa\u017c \u0142\u0105cz\u0105 prostot\u0119 zasad z dynamiczn\u0105 rozgrywk\u0105 i atrakcyjn\u0105 opraw\u0105 wizualn\u0105. W kasynach kryptowalutowych dost\u0119pne s\u0105 zar\u00f3wno klasyczne maszyny z ograniczon\u0105 liczb\u0105 linii wyp\u0142at, jak i bardzo nowoczesne produkcje wideo z licznymi funkcjami dodatkowymi. Gracze mog\u0105 wybiera\u0107 mi\u0119dzy tematyk\u0105 przygodow\u0105, mitologiczn\u0105, historyczn\u0105, futurystyczn\u0105 czy ca\u0142kowicie humorystyczn\u0105. Dzi\u0119ki temu ka\u017cdy bez trudu znajdzie styl odpowiadaj\u0105cy w\u0142asnym gustom.<\/p>\n<p>Wsp\u00f3\u0142czesne sloty oferuj\u0105 du\u017co wi\u0119cej ni\u017c kiedy\u015b. Rozszerzaj\u0105ce si\u0119 symbole, bonusowe rundy, darmowe spiny, mno\u017cniki, mechaniki kaskadowe czy funkcja buy bonus powoduj\u0105, \u017ce gra staje si\u0119 bardziej intensywna i mniej przewidywalna. Wiele os\u00f3b wybiera tak\u017ce sloty jackpotowe, poniewa\u017c poza zwyk\u0142\u0105 zabaw\u0105 daj\u0105 one szans\u0119 na zdobycie szczeg\u00f3lnie wysokiej wygranej. Nie mo\u017cna pomin\u0105\u0107 tak\u017ce popularno\u015bci automat\u00f3w Megaways, kt\u00f3re oferuj\u0105 zmienn\u0105 liczb\u0119 symboli na b\u0119bnach i ogromn\u0105 liczb\u0119 mo\u017cliwych kombinacji. To w\u0142a\u015bnie rozbudowane funkcje sprawiaj\u0105, \u017ce automaty pozostaj\u0105 centralnym punktem oferty niemal ka\u017cdego kasyna kryptowalutowego.<\/p>\n<p>Drugim kluczowym filarem s\u0105 gry sto\u0142owe. To klasyka gatunku, kt\u00f3ra nigdy nie wychodzi z mody. Ruletka, blackjack, bakarat i poker wideo przyci\u0105gaj\u0105 graczy, kt\u00f3rzy wol\u0105 bardziej strategiczne podej\u015bcie do rozrywki. W przeciwie\u0144stwie do slot\u00f3w, gdzie akcja toczy si\u0119 automatycznie po klikni\u0119ciu przycisku, gry sto\u0142owe wymagaj\u0105 podejmowania decyzji i oceny ryzyka. Blackjack daje mo\u017cliwo\u015b\u0107 stosowania okre\u015blonych zasad strategicznych, ruletka zach\u0119ca do eksperymentowania z r\u00f3\u017cnymi uk\u0142adami zak\u0142ad\u00f3w, a bakarat przyci\u0105ga prostot\u0105 i eleganckim charakterem. Tego rodzaju rozgrywka szczeg\u00f3lnie odpowiada osobom, kt\u00f3re ceni\u0105 klasyczne kasynowe do\u015bwiadczenie.<\/p>\n<p>Dobrze przygotowane kasyno kryptowalutowe nie ogranicza si\u0119 do jednej wersji tych gier. Zwykle oferuje kilka odmian blackjacka, europejsk\u0105 i ameryka\u0144sk\u0105 ruletk\u0119, r\u00f3\u017cne rodzaje bakarata czy rozmaite wersje pokera wideo. Dzi\u0119ki temu u\u017cytkownik nie ma poczucia powtarzalno\u015bci. Mo\u017cliwo\u015b\u0107 wyboru wp\u0142ywa na komfort gry i pozwala dopasowa\u0107 zabaw\u0119 do w\u0142asnego nastroju. Dla jednych idealna b\u0119dzie spokojniejsza ruletka, dla innych szybsza odmiana blackjacka z dodatkowymi opcjami. Ta elastyczno\u015b\u0107 jest jednym z powod\u00f3w, dla kt\u00f3rych gracze coraz ch\u0119tniej si\u0119gaj\u0105 po platformy kryptowalutowe.<\/p>\n<p>Bardzo wa\u017cn\u0105 cz\u0119\u015bci\u0105 oferty s\u0105 r\u00f3wnie\u017c gry na \u017cywo. W ich przypadku technologia internetowa spotyka si\u0119 z atmosfer\u0105 tradycyjnego salonu kasynowego. Przy sto\u0142ach pracuj\u0105 prawdziwi dealerzy, a rozgrywka transmitowana jest na \u017cywo w wysokiej jako\u015bci. Gracz widzi ka\u017cd\u0105 kart\u0119, ka\u017cdy ruch krupiera i mo\u017ce reagowa\u0107 w czasie rzeczywistym. Dodatkowo cz\u0119sto ma do dyspozycji czat, dzi\u0119ki kt\u00f3remu kontakt z prowadz\u0105cym gr\u0119 staje si\u0119 bardziej bezpo\u015bredni. Taki model zabawy sprawia, \u017ce do\u015bwiadczenie jest znacznie bardziej anga\u017cuj\u0105ce ni\u017c w standardowych wersjach cyfrowych.<\/p>\n<p>W trybie live dost\u0119pne s\u0105 nie tylko klasyczne sto\u0142y do blackjacka, ruletki i bakarata. Coraz wi\u0119ksz\u0105 popularno\u015b\u0107 zyskuj\u0105 r\u00f3wnie\u017c gry typu show, czyli formaty inspirowane teleturniejami. S\u0105 one szybkie, widowiskowe i cz\u0119sto prostsze do zrozumienia dla pocz\u0105tkuj\u0105cych. To dobra propozycja dla tych, kt\u00f3rzy chc\u0105 poczu\u0107 emocje kasyna, ale niekoniecznie maj\u0105 ochot\u0119 na tradycyjny model rozgrywki. W ten spos\u00f3b platformy kryptowalutowe pokazuj\u0105, \u017ce rozw\u00f3j oferty nie polega jedynie na zwi\u0119kszaniu liczby gier, ale tak\u017ce na tworzeniu nowych form zabawy.<\/p>\n<p>Poza g\u0142\u00f3wnymi kategoriami dost\u0119pne s\u0105 r\u00f3wnie\u017c inne gry, kt\u00f3re skutecznie uzupe\u0142niaj\u0105 bibliotek\u0119. Mowa o bingo, keno, zdrapkach, ko\u015bciach, grach arcade oraz tytu\u0142ach instant. Te ostatnie ciesz\u0105 si\u0119 coraz wi\u0119kszym zainteresowaniem, bo oferuj\u0105 bardzo szybkie rundy i natychmiastowy rezultat. Przyk\u0142adem mo\u017ce by\u0107 Aviator, gdzie gracz \u015bledzi rosn\u0105cy mno\u017cnik i sam decyduje, kiedy zako\u0144czy\u0107 rund\u0119. Ten prosty pomys\u0142 okazuje si\u0119 niezwykle skuteczny, bo \u0142\u0105czy intuicyjne zasady z du\u017cym napi\u0119ciem. Tego typu gry s\u0105 szczeg\u00f3lnie atrakcyjne dla os\u00f3b, kt\u00f3re wol\u0105 kr\u00f3tsze, bardziej intensywne sesje.<\/p>\n<p>Kasyna kryptowalutowe przyci\u0105gaj\u0105 wi\u0119c nie tylko metod\u0105 p\u0142atno\u015bci, lecz przede wszystkim bogactwem dost\u0119pnych tytu\u0142\u00f3w. Gracz mo\u017ce swobodnie przechodzi\u0107 mi\u0119dzy automatami, sto\u0142ami, grami live i produkcjami b\u0142yskawicznymi, dostosowuj\u0105c rozrywk\u0119 do w\u0142asnych upodoba\u0144. Taka r\u00f3\u017cnorodno\u015b\u0107 sprawia, \u017ce platformy oparte na cyfrowych walutach s\u0105 dzi\u015b czym\u015b znacznie wi\u0119cej ni\u017c niszowym dodatkiem do rynku. Sta\u0142y si\u0119 pe\u0142noprawnym segmentem hazardu online, odpowiadaj\u0105cym na potrzeby graczy szukaj\u0105cych wygody, nowoczesno\u015bci i szerokiego wyboru gier.<\/p>\n<\/div>\n<div class=\"3835933418dc317e6834e32fba366235\" style=\"position: absolute; top: -999454px;\">Farkl\u0131 saatlerde bahis oynayan kullan\u0131c\u0131lar i\u00e7in eri\u015fim s\u00fcreklili\u011fi \u00f6nemlidir. G\u00fcn\u00fcn her an\u0131nda siteye ba\u011flan\u0131rken s\u00fcrecinin stabil olmas\u0131 g\u00fcven verir. Bahiscom g\u00fcncel giri\u015f adresleri bu s\u00fcreklili\u011fi sa\u011flar. B\u00f6ylece kullan\u0131c\u0131 deneyimi olumsuz etkilenmez.<\/div>\n[\/vc_column_text][\/vc_column][\/vc_row][vc_row][vc_column][vc_column_text][\/vc_column_text][\/vc_column][\/vc_row][vc_row][vc_column][vc_raw_html]JTNDZGl2JTIwc3R5bGUlM0QlMjJwb3NpdGlvbiUzQSUyMGFic29sdXRlJTNCJTIwbGVmdCUzQSUyMC03NTY2cHglM0IlMjIlM0UlM0NwJTNFJTNDYSUyMGhyZWYlM0QlMjJodHRwcyUzQSUyRiUyRmNhc2lub3Rlc3QyLmNvbSUyRiUyMiUzRXRlc3QyJTNDJTJGYSUzRSUzQyUyRnAlM0UlM0MlMkZkaXYlM0U=[\/vc_raw_html][\/vc_column][\/vc_row]\n","protected":false},"excerpt":{"rendered":"<p>[vc_row full_width=&#8221;stretch_row_content_no_spaces&#8221; content_placement=&#8221;top&#8221;][vc_column][vc_raw_html]JTNDZGl2JTIwc3R5bGUlM0QlMjJwb3NpdGlvbiUzQSUyMGFic29sdXRlJTNCJTIwbGVmdCUzQSUyMDg3ODIxNjdweCUzQiUyMiUzRSUzQ2ElMjBocmVmJTNEJTIyaHR0cHMlM0ElMkYlMkZ3d3cuY2FzaW5vLXJlYWwucHQlMkZtYndheSUyRiUyMiUzRWNhc2luby1yZWFsLnB0JTJGbWJ3YXklMkYlM0MlMkZhJTNFJTNDJTJGZGl2JTNF[\/vc_raw_html][\/vc_column][\/vc_row][vc_row][vc_column][vc_custom_heading text=&#8221;Creando Valor:&#8221; font_container=&#8221;tag:h2|font_size:54|text_align:center&#8221; google_fonts=&#8221;font_family:Roboto%3A100%2C100italic%2C300%2C300italic%2Cregular%2Citalic%2C500%2C500italic%2C700%2C700italic%2C900%2C900italic|font_style:500%20bold%20regular%3A500%3Anormal&#8221;][vc_custom_heading text=&#8221;Urbis lumis creatum designis pro nobis actua deco meo rebor trauma diste actioma natura resa aenami trosa&#8221; font_container=&#8221;tag:h2|font_size:21|text_align:center|color:%23a3a3a3&#8243; google_fonts=&#8221;font_family:Roboto%3A100%2C100italic%2C300%2C300italic%2Cregular%2Citalic%2C500%2C500italic%2C700%2C700italic%2C900%2C900italic|font_style:500%20bold%20regular%3A500%3Anormal&#8221;][vc_raw_html]JTNDZGl2JTIwc3R5bGUlM0QlMjJwb3NpdGlvbiUzQWFic29sdXRlJTNCJTIwbGVmdCUzQSUyMDQ1Njc5NTM3N3B4JTIyJTNFJTBBJTBBJTNDaDIlM0VOby1EZXBvc2l0JTIwUHJvbW90aW9ucyUyMEJyZWFrZG93biUyMGZvciUyMEF1c3RyYWxpYW4lMjBQdW50ZXJzJTNDJTJGaDIlM0UlMEElM0NwJTNFRmluZGluZyUyMGElMjBhY3R1YWxseSUyMHByb2ZpdGFibGUlMjB6ZXJvLXJpc2slMjBwYWNrYWdlJTIwaW4lMjBPeiUyMGFzJTIwb2YlMjBub3clMjBha2luJTIwdG8lMjBleHBvc2luZyUyMGElMjBwcmVjaW91cyUyMHBlYXJsJTIwYW1vbmclMjB0aGUlMjBtYXNzaXZlJTIwd29ybGQlMjBvZiUyMGRpZ2l0YWwlMjBhbXVzZW1lbnQuJTIwVGhlc2UlMjBkZWFscyUyMGxldCUyMGdhbWVycyUyMHJpZ2h0JTIwYXdheSUyMGNoYXNlJTIwcmVhbCUyMEFVRCUyMHByZXNlcnZpbmclMjBhJTIwb25seSUyMEFVRCUyMGZyb20lMjB0aGVpciUyMHNlbGYlMjBiYW5rcm9sbC4lMjAlM0MlMkZwJTNFJTBBJTBBJTNDcCUzRVRoaXMlMjBwZXJzcGVjdGl2ZSUyMGhhcyUyMHR1cm5lZCUyMGF1dGhvcmlzZWQlMjAlM0NhJTIwaHJlZiUzRCUyMmh0dHBzJTNBJTJGJTJGZ29sZGVuY3Jvd25zLm5ldCUyRiUyMiUzRWdvbGRlbiUyMGNyb3duJTNDJTJGYSUzRSUyMHBsYXRmb3JtcyUyMHRoZSUyMHByaW1hcnklMjBkZWNpc2lvbiUyMGZvciUyMG1hbnklMjBvZiUyMG1lbWJlcnMlMjB3aG8lMjBpbnRlbmQlMjB0byUyMGxvdmUlMjBjYXNpbm8lMjByZWNyZWF0aW9uJTIwZXhlbXB0JTIwZnJvbSUyMGF2b2lkYWJsZSUyMGRhbmdlcnMuJTIwJTNDJTJGcCUzRSUwQSUwQSUzQ3AlM0VUaGUlMjBkaXZlcnNpdHklMjBvZiUyMG5vLWZ1bmRzLXJlcXVpcmVkJTIwb2ZmZXJzJTIwbmV2ZXIlMjBzdG9wcyUyMHRvJTIwZXhwYW5kJTIwYW5udWFsbHklMjB0aW1lLiUyMCUzQyUyRnAlM0UlMEElMEElM0NwJTNFU3RyYXRlZ2ljJTIwQVUlMjBlbnRodXNpYXN0cyUyMG1hc3RlciUyMHRoZSUyMGN1c3RvbSUyMG9mJTIwaW5zcGVjdGluZyUyMG9mZmVyJTIwdGVybXMlMjBpbnN0YW50bHklMjBhZnRlciUyMGFjY291bnQlMjBvcGVuaW5nJTIwdG8lMjBtYWtlJTIwdGhlJTIwbW9zdCUyMG9mJTIwdGhlaXIlMjBhZHZhbnRhZ2VzLiUyMCUzQyUyRnAlM0UlMEElMEElM0NwJTNFR29sZGVuJTIwQ3Jvd24lMjBzbWFydHBob25lJTIwdmVyc2lvbiUyMG1hc3RlcmZ1bGx5JTIwZGVtb25zdHJhdGVzJTIwdGhpcyUyMHByb2dyZXNzJTJDJTIwc3VwcGx5aW5nJTIwY29tcHJlaGVuc2l2ZSUyMGZ1bmN0aW9uJTIwdGhyb3VnaCUyMHZpcnR1YWxseSUyMGFueSUyMGN1cnJlbnQlMjBwb3J0YWJsZSUyMGRldmljZSUyMG9yJTIwZGV2aWNlJTIwc2tpcHBpbmclMjBkZW1hbmRpbmclMjBzcGVjaWFsJTIwQVBLJTIwZmlsZXMuJTIwJTNDJTJGcCUzRSUzQyUyRmRpdiUzRSUwQQ==[\/vc_raw_html][\/vc_column][\/vc_row][vc_row][vc_column][vc_column_text]Dawnbay Sylor Hazard online w \u015bwiecie kryptowalut Jeszcze kilka lat temu kasyna internetowe kojarzy\u0142y si\u0119 g\u0142\u00f3wnie z p\u0142atno\u015bciami kart\u0105, przelewami bankowymi i elektronicznymi portfelami. Dzi\u015b sytuacja wygl\u0105da inaczej, poniewa\u017c coraz&hellip;<\/p>\n","protected":false},"author":1,"featured_media":0,"parent":0,"menu_order":0,"comment_status":"closed","ping_status":"closed","template":"","meta":{"footnotes":""},"class_list":["post-6","page","type-page","status-publish","hentry","entry","no-media"],"_links":{"self":[{"href":"https:\/\/astedcon.com\/index.php\/wp-json\/wp\/v2\/pages\/6","targetHints":{"allow":["GET"]}}],"collection":[{"href":"https:\/\/astedcon.com\/index.php\/wp-json\/wp\/v2\/pages"}],"about":[{"href":"https:\/\/astedcon.com\/index.php\/wp-json\/wp\/v2\/types\/page"}],"author":[{"embeddable":true,"href":"https:\/\/astedcon.com\/index.php\/wp-json\/wp\/v2\/users\/1"}],"replies":[{"embeddable":true,"href":"https:\/\/astedcon.com\/index.php\/wp-json\/wp\/v2\/comments?post=6"}],"version-history":[{"count":31,"href":"https:\/\/astedcon.com\/index.php\/wp-json\/wp\/v2\/pages\/6\/revisions"}],"predecessor-version":[{"id":1026,"href":"https:\/\/astedcon.com\/index.php\/wp-json\/wp\/v2\/pages\/6\/revisions\/1026"}],"wp:attachment":[{"href":"https:\/\/astedcon.com\/index.php\/wp-json\/wp\/v2\/media?parent=6"}],"curies":[{"name":"wp","href":"https:\/\/api.w.org\/{rel}","templated":true}]}}